{"id":1337,"date":"2021-04-12T12:08:12","date_gmt":"2021-04-12T10:08:12","guid":{"rendered":"https:\/\/domainedes7chemins.com\/?post_type=product&#038;p=1337"},"modified":"2024-09-10T18:46:11","modified_gmt":"2024-09-10T16:46:11","slug":"crozes-hermitage-cuvee-absolue-magnum","status":"publish","type":"product","link":"https:\/\/domainedes7chemins.com\/index.php\/product\/crozes-hermitage-cuvee-absolue-magnum\/","title":{"rendered":"Crozes-Hermitage Cuv\u00e9e Absolue Magnum"},"content":{"rendered":"<p>Appellation :\u00a0CROZES HERMITAGE<\/p>\n<p>Nom du vin :\u00a0Domaine des 7 chemins<\/p>\n<p>Cuv\u00e9e : \u201cAbsolue\u201d<\/p>\n<p>Couleur :\u00a0Rouge<\/p>\n<p>C\u00e9page :\u00a0100 % Syrah<\/p>\n<p>Vinification et \u00e9levage : Vendange \u00e9grapp\u00e9e \u00e0 100 % &#8220;cuvaison&#8221; 20 jours en cuve thermo r\u00e9gul\u00e9e. \u00c9levage 12 mois en 1\/2 muids.<\/p>\n<p>Vendange :\u00a0100 % des vendange sont faites manuellement.<\/p>\n<p>Terroir :\u00a0Diluvium Alpin, ancienne terrasse du Rh\u00f4ne.<\/p>\n<p>M\u00e9thode culturale : Aucun d\u00e9sherbant, les vignes sont travaill\u00e9es m\u00e9caniquement. Traitement en culture raisonn\u00e9e. Vignes \u00e2g\u00e9es de plus de 60 ans .<\/p>\n<p>&nbsp;<\/p>\n","protected":false},"excerpt":{"rendered":"<p>Magnum CROZES HERMITAGE<\/p>\n<p>Nom du vin :\u00a0Domaine des 7 chemins<\/p>\n<p>Cuv\u00e9e : \u201cAbsolue\u201d<\/p>\n<p>Couleur :\u00a0Rouge<\/p>\n<p>C\u00e9page :\u00a0100 % Syrah<\/p>\n<p>&nbsp;<\/p>\n","protected":false},"featured_media":750,"comment_status":"open","ping_status":"closed","template":"","meta":[],"yoast_head":"<!-- This site is optimized with the Yoast SEO plugin v16.3 - https:\/\/yoast.com\/wordpress\/plugins\/seo\/ -->\n<title>Crozes-Hermitage Cuv\u00e9e Absolue Magnum - DOMAINE DES 7 CHEMINS<\/title>\n<meta name=\"description\" content=\"buffiere Crozes-Hermitage Cuv\u00e9e Absolue Magnum croze ermitage rouge Syrah Vendange \u00e9grapp\u00e9 terrasse du Rh\u00f4ne cultur raisonn\u00e9e DOMAINE DES 7 CHEMINS\" \/>\n<meta name=\"robots\" content=\"index, follow, max-snippet:-1, max-image-preview:large, max-video-preview:-1\" \/>\n<link rel=\"canonical\" href=\"https:\/\/domainedes7chemins.com\/index.php\/product\/crozes-hermitage-cuvee-absolue-magnum\/\" \/>\n<meta property=\"og:locale\" content=\"fr_FR\" \/>\n<meta property=\"og:type\" content=\"article\" \/>\n<meta property=\"og:title\" content=\"Crozes-Hermitage Cuv\u00e9e Absolue Magnum - DOMAINE DES 7 CHEMINS\" \/>\n<meta property=\"og:description\" content=\"buffiere Crozes-Hermitage Cuv\u00e9e Absolue Magnum croze ermitage rouge Syrah Vendange \u00e9grapp\u00e9 terrasse du Rh\u00f4ne cultur raisonn\u00e9e DOMAINE DES 7 CHEMINS\" \/>\n<meta property=\"og:url\" content=\"https:\/\/domainedes7chemins.com\/index.php\/product\/crozes-hermitage-cuvee-absolue-magnum\/\" \/>\n<meta property=\"og:site_name\" content=\"DOMAINE DES 7 CHEMINS\" \/>\n<meta property=\"article:modified_time\" content=\"2024-09-10T16:46:11+00:00\" \/>\n<meta property=\"og:image\" content=\"https:\/\/domainedes7chemins.com\/wp-content\/uploads\/2020\/12\/IMG_4373-scaled-e1609073363960.jpg\" \/>\n\t<meta property=\"og:image:width\" content=\"1708\" \/>\n\t<meta property=\"og:image:height\" content=\"2310\" \/>\n<meta name=\"twitter:card\" content=\"summary_large_image\" \/>\n<meta name=\"twitter:label1\" content=\"Dur\u00e9e de lecture est.\">\n\t<meta name=\"twitter:data1\" content=\"1 minute\">\n<script type=\"application\/ld+json\" class=\"yoast-schema-graph\">{\"@context\":\"https:\/\/schema.org\",\"@graph\":[{\"@type\":\"WebSite\",\"@id\":\"https:\/\/domainedes7chemins.com\/#website\",\"url\":\"https:\/\/domainedes7chemins.com\/\",\"name\":\"DOMAINE DES 7 CHEMINS\",\"description\":\"Vinificateur, R\\u00e9coltant depuis 1926\",\"potentialAction\":[{\"@type\":\"SearchAction\",\"target\":\"https:\/\/domainedes7chemins.com\/?s={search_term_string}\",\"query-input\":\"required name=search_term_string\"}],\"inLanguage\":\"fr-FR\"},{\"@type\":\"ImageObject\",\"@id\":\"https:\/\/domainedes7chemins.com\/index.php\/product\/crozes-hermitage-cuvee-absolue-magnum\/#primaryimage\",\"inLanguage\":\"fr-FR\",\"url\":\"https:\/\/domainedes7chemins.com\/wp-content\/uploads\/2020\/12\/IMG_4373-scaled-e1609073363960.jpg\",\"contentUrl\":\"https:\/\/domainedes7chemins.com\/wp-content\/uploads\/2020\/12\/IMG_4373-scaled-e1609073363960.jpg\",\"width\":1708,\"height\":2310,\"caption\":\"croze l'hermitage magnum 2018\"},{\"@type\":\"WebPage\",\"@id\":\"https:\/\/domainedes7chemins.com\/index.php\/product\/crozes-hermitage-cuvee-absolue-magnum\/#webpage\",\"url\":\"https:\/\/domainedes7chemins.com\/index.php\/product\/crozes-hermitage-cuvee-absolue-magnum\/\",\"name\":\"Crozes-Hermitage Cuv\\u00e9e Absolue Magnum - DOMAINE DES 7 CHEMINS\",\"isPartOf\":{\"@id\":\"https:\/\/domainedes7chemins.com\/#website\"},\"primaryImageOfPage\":{\"@id\":\"https:\/\/domainedes7chemins.com\/index.php\/product\/crozes-hermitage-cuvee-absolue-magnum\/#primaryimage\"},\"datePublished\":\"2021-04-12T10:08:12+00:00\",\"dateModified\":\"2024-09-10T16:46:11+00:00\",\"description\":\"buffiere Crozes-Hermitage Cuv\\u00e9e Absolue Magnum croze ermitage rouge Syrah Vendange \\u00e9grapp\\u00e9 terrasse du Rh\\u00f4ne cultur raisonn\\u00e9e DOMAINE DES 7 CHEMINS\",\"breadcrumb\":{\"@id\":\"https:\/\/domainedes7chemins.com\/index.php\/product\/crozes-hermitage-cuvee-absolue-magnum\/#breadcrumb\"},\"inLanguage\":\"fr-FR\",\"potentialAction\":[{\"@type\":\"ReadAction\",\"target\":[\"https:\/\/domainedes7chemins.com\/index.php\/product\/crozes-hermitage-cuvee-absolue-magnum\/\"]}]},{\"@type\":\"BreadcrumbList\",\"@id\":\"https:\/\/domainedes7chemins.com\/index.php\/product\/crozes-hermitage-cuvee-absolue-magnum\/#breadcrumb\",\"itemListElement\":[{\"@type\":\"ListItem\",\"position\":1,\"item\":{\"@type\":\"WebPage\",\"@id\":\"https:\/\/domainedes7chemins.com\/\",\"url\":\"https:\/\/domainedes7chemins.com\/\",\"name\":\"Accueil\"}},{\"@type\":\"ListItem\",\"position\":2,\"item\":{\"@type\":\"WebPage\",\"@id\":\"https:\/\/domainedes7chemins.com\/index.php\/shop\/\",\"url\":\"https:\/\/domainedes7chemins.com\/index.php\/shop\/\",\"name\":\"boutique\"}},{\"@type\":\"ListItem\",\"position\":3,\"item\":{\"@id\":\"https:\/\/domainedes7chemins.com\/index.php\/product\/crozes-hermitage-cuvee-absolue-magnum\/#webpage\"}}]}]}<\/script>\n<!-- \/ Yoast SEO plugin. -->","_links":{"self":[{"href":"https:\/\/domainedes7chemins.com\/index.php\/wp-json\/wp\/v2\/product\/1337"}],"collection":[{"href":"https:\/\/domainedes7chemins.com\/index.php\/wp-json\/wp\/v2\/product"}],"about":[{"href":"https:\/\/domainedes7chemins.com\/index.php\/wp-json\/wp\/v2\/types\/product"}],"replies":[{"embeddable":true,"href":"https:\/\/domainedes7chemins.com\/index.php\/wp-json\/wp\/v2\/comments?post=1337"}],"wp:featuredmedia":[{"embeddable":true,"href":"https:\/\/domainedes7chemins.com\/index.php\/wp-json\/wp\/v2\/media\/750"}],"wp:attachment":[{"href":"https:\/\/domainedes7chemins.com\/index.php\/wp-json\/wp\/v2\/media?parent=1337"}],"curies":[{"name":"wp","href":"https:\/\/api.w.org\/{rel}","templated":true}]}}