{"id":1319,"date":"2021-03-26T11:50:48","date_gmt":"2021-03-26T10:50:48","guid":{"rendered":"https:\/\/domainedes7chemins.com\/?post_type=product&#038;p=1319"},"modified":"2024-06-29T12:31:48","modified_gmt":"2024-06-29T10:31:48","slug":"crozes-hermitage-cuvee-delice","status":"publish","type":"product","link":"https:\/\/domainedes7chemins.com\/index.php\/product\/crozes-hermitage-cuvee-delice\/","title":{"rendered":"Crozes hermitage Cuv\u00e9e D\u00e9lice"},"content":{"rendered":"<p><span style=\"color: #993366;\">Appellation :<\/span> CROZES HERMITAGE<\/p>\n<p><span style=\"color: #993366;\">Nom du vin :<\/span> Domaine des 7 chemins<\/p>\n<p><span style=\"color: #993366;\">Cuv\u00e9e :<\/span> &#8220;D\u00e9lice&#8221;<\/p>\n<p><span style=\"color: #993366;\">Couleur :<\/span> Rouge<\/p>\n<p><span style=\"color: #993366;\">C\u00e9page :<\/span> 100 % Syrah<\/p>\n<p><span style=\"color: #993366;\">Vinification et \u00e9levage :<\/span>\u00a0 Vendange 100 % \u00e9grapp\u00e9. Vinification lente \u00e0 basse temp\u00e9rature pendant 15 jours en cuve ciment thermo r\u00e9gul\u00e9e.<\/p>\n<p><span style=\"color: #993366;\">Rendement :<\/span> 40 hl\/hectare.<\/p>\n<p><span style=\"color: #993366;\">Vendange :<\/span> Vendange M\u00e9canique.<\/p>\n<p><span style=\"color: #993366;\">Terroir :<\/span> Diluvium Alpin, ancienne terrasse du Rh\u00f4ne.<\/p>\n<p><span style=\"color: #993366;\">M\u00e9thode culturale :<\/span> Aucun d\u00e9sherbant, les vignes sont travaill\u00e9es m\u00e9caniquement.<\/p>\n<p>Traitement en culture raisonn\u00e9e.<\/p>\n","protected":false},"excerpt":{"rendered":"<p>CROZES HERMITAGE<\/p>\n<p><span style=\"color: #993366;\">Nom du vin :<\/span> Domaine des 7 chemins<\/p>\n<p><span style=\"color: #993366;\">Cuv\u00e9e :<\/span> &#8220;D\u00e9lice&#8221;<\/p>\n<p><span style=\"color: #993366;\">Couleur :<\/span> Rouge<\/p>\n<p><span style=\"color: #993366;\">C\u00e9page :<\/span> 100 % Syrah<\/p>\n","protected":false},"featured_media":1256,"comment_status":"open","ping_status":"closed","template":"","meta":[],"yoast_head":"<!-- This site is optimized with the Yoast SEO plugin v16.3 - https:\/\/yoast.com\/wordpress\/plugins\/seo\/ -->\n<title>Crozes hermitage Cuv\u00e9e D\u00e9lice - DOMAINE DES 7 CHEMINS<\/title>\n<meta name=\"description\" content=\"buffiere Crozes hermitage Cuv\u00e9e D\u00e9lice croze ermitage rouge Syrah Vendange \u00e9grapp\u00e9 terrasse du Rh\u00f4ne cultur raisonn\u00e9e DOMAINE DES 7 CHEMINS -\" \/>\n<meta name=\"robots\" content=\"index, follow, max-snippet:-1, max-image-preview:large, max-video-preview:-1\" \/>\n<link rel=\"canonical\" href=\"https:\/\/domainedes7chemins.com\/index.php\/product\/crozes-hermitage-cuvee-delice\/\" \/>\n<meta property=\"og:locale\" content=\"fr_FR\" \/>\n<meta property=\"og:type\" content=\"article\" \/>\n<meta property=\"og:title\" content=\"Crozes hermitage Cuv\u00e9e D\u00e9lice - DOMAINE DES 7 CHEMINS\" \/>\n<meta property=\"og:description\" content=\"buffiere Crozes hermitage Cuv\u00e9e D\u00e9lice croze ermitage rouge Syrah Vendange \u00e9grapp\u00e9 terrasse du Rh\u00f4ne cultur raisonn\u00e9e DOMAINE DES 7 CHEMINS -\" \/>\n<meta property=\"og:url\" content=\"https:\/\/domainedes7chemins.com\/index.php\/product\/crozes-hermitage-cuvee-delice\/\" \/>\n<meta property=\"og:site_name\" content=\"DOMAINE DES 7 CHEMINS\" \/>\n<meta property=\"article:modified_time\" content=\"2024-06-29T10:31:48+00:00\" \/>\n<meta property=\"og:image\" content=\"https:\/\/domainedes7chemins.com\/wp-content\/uploads\/2021\/03\/Resized_20210317_142040-e1632296832468.jpeg\" \/>\n\t<meta property=\"og:image:width\" content=\"683\" \/>\n\t<meta property=\"og:image:height\" content=\"1042\" \/>\n<meta name=\"twitter:card\" content=\"summary_large_image\" \/>\n<meta name=\"twitter:label1\" content=\"Dur\u00e9e de lecture est.\">\n\t<meta name=\"twitter:data1\" content=\"1 minute\">\n<script type=\"application\/ld+json\" class=\"yoast-schema-graph\">{\"@context\":\"https:\/\/schema.org\",\"@graph\":[{\"@type\":\"WebSite\",\"@id\":\"https:\/\/domainedes7chemins.com\/#website\",\"url\":\"https:\/\/domainedes7chemins.com\/\",\"name\":\"DOMAINE DES 7 CHEMINS\",\"description\":\"Vinificateur, R\\u00e9coltant depuis 1926\",\"potentialAction\":[{\"@type\":\"SearchAction\",\"target\":\"https:\/\/domainedes7chemins.com\/?s={search_term_string}\",\"query-input\":\"required name=search_term_string\"}],\"inLanguage\":\"fr-FR\"},{\"@type\":\"ImageObject\",\"@id\":\"https:\/\/domainedes7chemins.com\/index.php\/product\/crozes-hermitage-cuvee-delice\/#primaryimage\",\"inLanguage\":\"fr-FR\",\"url\":\"https:\/\/domainedes7chemins.com\/wp-content\/uploads\/2021\/03\/Resized_20210317_142040-e1632296832468.jpeg\",\"contentUrl\":\"https:\/\/domainedes7chemins.com\/wp-content\/uploads\/2021\/03\/Resized_20210317_142040-e1632296832468.jpeg\",\"width\":683,\"height\":1042},{\"@type\":\"WebPage\",\"@id\":\"https:\/\/domainedes7chemins.com\/index.php\/product\/crozes-hermitage-cuvee-delice\/#webpage\",\"url\":\"https:\/\/domainedes7chemins.com\/index.php\/product\/crozes-hermitage-cuvee-delice\/\",\"name\":\"Crozes hermitage Cuv\\u00e9e D\\u00e9lice - DOMAINE DES 7 CHEMINS\",\"isPartOf\":{\"@id\":\"https:\/\/domainedes7chemins.com\/#website\"},\"primaryImageOfPage\":{\"@id\":\"https:\/\/domainedes7chemins.com\/index.php\/product\/crozes-hermitage-cuvee-delice\/#primaryimage\"},\"datePublished\":\"2021-03-26T10:50:48+00:00\",\"dateModified\":\"2024-06-29T10:31:48+00:00\",\"description\":\"buffiere Crozes hermitage Cuv\\u00e9e D\\u00e9lice croze ermitage rouge Syrah Vendange \\u00e9grapp\\u00e9 terrasse du Rh\\u00f4ne cultur raisonn\\u00e9e DOMAINE DES 7 CHEMINS -\",\"breadcrumb\":{\"@id\":\"https:\/\/domainedes7chemins.com\/index.php\/product\/crozes-hermitage-cuvee-delice\/#breadcrumb\"},\"inLanguage\":\"fr-FR\",\"potentialAction\":[{\"@type\":\"ReadAction\",\"target\":[\"https:\/\/domainedes7chemins.com\/index.php\/product\/crozes-hermitage-cuvee-delice\/\"]}]},{\"@type\":\"BreadcrumbList\",\"@id\":\"https:\/\/domainedes7chemins.com\/index.php\/product\/crozes-hermitage-cuvee-delice\/#breadcrumb\",\"itemListElement\":[{\"@type\":\"ListItem\",\"position\":1,\"item\":{\"@type\":\"WebPage\",\"@id\":\"https:\/\/domainedes7chemins.com\/\",\"url\":\"https:\/\/domainedes7chemins.com\/\",\"name\":\"Accueil\"}},{\"@type\":\"ListItem\",\"position\":2,\"item\":{\"@type\":\"WebPage\",\"@id\":\"https:\/\/domainedes7chemins.com\/index.php\/shop\/\",\"url\":\"https:\/\/domainedes7chemins.com\/index.php\/shop\/\",\"name\":\"boutique\"}},{\"@type\":\"ListItem\",\"position\":3,\"item\":{\"@id\":\"https:\/\/domainedes7chemins.com\/index.php\/product\/crozes-hermitage-cuvee-delice\/#webpage\"}}]}]}<\/script>\n<!-- \/ Yoast SEO plugin. -->","_links":{"self":[{"href":"https:\/\/domainedes7chemins.com\/index.php\/wp-json\/wp\/v2\/product\/1319"}],"collection":[{"href":"https:\/\/domainedes7chemins.com\/index.php\/wp-json\/wp\/v2\/product"}],"about":[{"href":"https:\/\/domainedes7chemins.com\/index.php\/wp-json\/wp\/v2\/types\/product"}],"replies":[{"embeddable":true,"href":"https:\/\/domainedes7chemins.com\/index.php\/wp-json\/wp\/v2\/comments?post=1319"}],"wp:featuredmedia":[{"embeddable":true,"href":"https:\/\/domainedes7chemins.com\/index.php\/wp-json\/wp\/v2\/media\/1256"}],"wp:attachment":[{"href":"https:\/\/domainedes7chemins.com\/index.php\/wp-json\/wp\/v2\/media?parent=1319"}],"curies":[{"name":"wp","href":"https:\/\/api.w.org\/{rel}","templated":true}]}}